{"id":193,"date":"2019-11-29T13:38:27","date_gmt":"2019-11-29T10:38:27","guid":{"rendered":"http:\/\/www.dpe-group.com\/en\/?page_id=193"},"modified":"2019-11-30T17:16:15","modified_gmt":"2019-11-30T14:16:15","slug":"dpe-international-trade","status":"publish","type":"page","link":"http:\/\/www.dpe-group.com\/en\/dpe-international-trade\/","title":{"rendered":"Dpe International Trade"},"content":{"rendered":"\n<div class=\"wp-block-image\"><figure class=\"alignleft size-large\"><img loading=\"lazy\" decoding=\"async\" width=\"750\" height=\"468\" src=\"http:\/\/www.dpe-group.com\/en\/wp-content\/uploads\/sites\/2\/2019\/11\/dpe-international-trade.jpg\" alt=\"\" class=\"wp-image-250\" srcset=\"http:\/\/www.dpe-group.com\/en\/wp-content\/uploads\/sites\/2\/2019\/11\/dpe-international-trade.jpg 750w, http:\/\/www.dpe-group.com\/en\/wp-content\/uploads\/sites\/2\/2019\/11\/dpe-international-trade-300x187.jpg 300w, http:\/\/www.dpe-group.com\/en\/wp-content\/uploads\/sites\/2\/2019\/11\/dpe-international-trade-230x144.jpg 230w\" sizes=\"auto, (max-width: 750px) 100vw, 750px\" \/><\/figure><\/div>\n\n\n\n<p>Dunya Prestij Tic.ltd.Sti was founded by Mr.Habip Ulusoy in 1964 with the purpose of marketing and selling products of his new established Flour Factory in K\u0131r\u0131kkale.<\/p>\n\n\n\n<p>In 1999, company name changed to become Dunya Prestij I\u00e7 ve D\u0131\u015f Tic.ltd.Sti and grew during the 2000s while expanding internationally.<\/p>\n\n\n\n<p>New Branch offices opened at the beginning of 2000 in Nigeria and Sudan and company engaged in, such as, Electric and Electronic components, edible oils, flour, tomato paste, pasta and other kinds of production sources and subsistence products.The London office opened in 2008 to serve European market.<\/p>\n\n\n\n<p>As affiliate of DPE GROUP, Dunya Pretij Ic ve D\u0131c Tic. Co.,Ltd. is a multifaceted company and an active participant in an array of services inclusive of International Trading, and Business Consultation with extensive and effective marketing network in Turkey, Africa and Europe.<\/p>\n\n\n\n<p>Committed towards providing the finest products to our global clientele, our ultimate goal is client satisfaction. Our efficient services such as multilingual workforce with Effective Communication and superior products stand the test of time and our quality services has awarded us with the trust of our valuable clients. We concentrate on the integrity of our business and the consistent chain of our clients, distributors, and associates form the pillars of our success.<\/p>\n","protected":false},"excerpt":{"rendered":"<p>Dunya Prestij Tic.ltd.Sti was founded by Mr.Habip Ulusoy in 1964 with the purpose of marketing and selling products of his new established Flour Factory in K\u0131r\u0131kkale. In 1999, company name changed to become Dunya Prestij I\u00e7 ve D\u0131\u015f Tic.ltd.Sti and grew during the 2000s while expanding internationally. New Branch offices opened at the beginning of&hellip;&nbsp;<a href=\"http:\/\/www.dpe-group.com\/en\/dpe-international-trade\/\" rel=\"bookmark\">Read More &raquo;<span class=\"screen-reader-text\">Dpe International Trade<\/span><\/a><\/p>\n","protected":false},"author":1,"featured_media":0,"parent":0,"menu_order":0,"comment_status":"closed","ping_status":"closed","template":"","meta":{"neve_meta_sidebar":"","neve_meta_container":"","neve_meta_enable_content_width":"","neve_meta_content_width":0,"neve_meta_title_alignment":"","neve_meta_author_avatar":"","neve_post_elements_order":"","neve_meta_disable_header":"","neve_meta_disable_footer":"","neve_meta_disable_title":"","_themeisle_gutenberg_block_has_review":false,"footnotes":""},"class_list":["post-193","page","type-page","status-publish","hentry"],"_links":{"self":[{"href":"http:\/\/www.dpe-group.com\/en\/wp-json\/wp\/v2\/pages\/193","targetHints":{"allow":["GET"]}}],"collection":[{"href":"http:\/\/www.dpe-group.com\/en\/wp-json\/wp\/v2\/pages"}],"about":[{"href":"http:\/\/www.dpe-group.com\/en\/wp-json\/wp\/v2\/types\/page"}],"author":[{"embeddable":true,"href":"http:\/\/www.dpe-group.com\/en\/wp-json\/wp\/v2\/users\/1"}],"replies":[{"embeddable":true,"href":"http:\/\/www.dpe-group.com\/en\/wp-json\/wp\/v2\/comments?post=193"}],"version-history":[{"count":0,"href":"http:\/\/www.dpe-group.com\/en\/wp-json\/wp\/v2\/pages\/193\/revisions"}],"wp:attachment":[{"href":"http:\/\/www.dpe-group.com\/en\/wp-json\/wp\/v2\/media?parent=193"}],"curies":[{"name":"wp","href":"https:\/\/api.w.org\/{rel}","templated":true}]}}